{"id":663,"date":"2021-05-02T17:27:30","date_gmt":"2021-05-02T16:27:30","guid":{"rendered":"https:\/\/unikat-seltenes.de\/?post_type=product&#038;p=663"},"modified":"2023-02-02T07:51:05","modified_gmt":"2023-02-02T06:51:05","slug":"maileg-muetze","status":"publish","type":"product","link":"https:\/\/unikat-seltenes.de\/index.php\/produkt\/maileg-muetze\/","title":{"rendered":"Maileg M\u00fctze"},"content":{"rendered":"<h2>Bommelm\u00fctze in creme<\/h2>\n<p>Diese s\u00fc\u00dfe Strickm\u00fctze mit 2 Bommeln ist von Maileg<\/p>\n<p>Handarbeit<\/p>\n<p>F\u00fcr kleine M\u00e4usek\u00f6pfe, P\u00fcppchen, Eier und mehr. Sieht immer lustig aus \ud83d\ude42<\/p>\n<ul>\n<li>Nur solange Vorrat reicht\u00a0 &#8211; Restposten<\/li>\n<\/ul>\n<p>&nbsp;<\/p>\n","protected":false},"excerpt":{"rendered":"<h2>Bommelm\u00fctze in creme<\/h2>\n<p>Diese s\u00fc\u00dfe Strickm\u00fctze mit 2 Bommeln ist von Maileg<\/p>\n<p>Handarbeit<\/p>\n<p>F\u00fcr kleine M\u00e4usek\u00f6pfe, P\u00fcppchen, Eier und mehr. Sieht immer lustig aus \ud83d\ude42<\/p>\n<ul>\n<li>Nur solange Vorrat reicht\u00a0 &#8211; Restposten<\/li>\n<\/ul>\n","protected":false},"featured_media":664,"template":"","meta":{"_genesis_hide_title":false,"_genesis_hide_breadcrumbs":false,"_genesis_hide_singular_image":false,"_genesis_hide_footer_widgets":false,"_genesis_custom_body_class":"","_genesis_custom_post_class":"","_genesis_layout":""},"_links":{"self":[{"href":"https:\/\/unikat-seltenes.de\/index.php\/wp-json\/wp\/v2\/product\/663"}],"collection":[{"href":"https:\/\/unikat-seltenes.de\/index.php\/wp-json\/wp\/v2\/product"}],"about":[{"href":"https:\/\/unikat-seltenes.de\/index.php\/wp-json\/wp\/v2\/types\/product"}],"wp:featuredmedia":[{"embeddable":true,"href":"https:\/\/unikat-seltenes.de\/index.php\/wp-json\/wp\/v2\/media\/664"}],"wp:attachment":[{"href":"https:\/\/unikat-seltenes.de\/index.php\/wp-json\/wp\/v2\/media?parent=663"}],"curies":[{"name":"wp","href":"https:\/\/api.w.org\/{rel}","templated":true}]}}