{"id":565,"date":"2021-04-21T08:32:33","date_gmt":"2021-04-21T07:32:33","guid":{"rendered":"https:\/\/unikat-seltenes.de\/?post_type=product&#038;p=565"},"modified":"2023-01-13T17:17:36","modified_gmt":"2023-01-13T16:17:36","slug":"tuch-von-noosa-beige","status":"publish","type":"product","link":"https:\/\/unikat-seltenes.de\/index.php\/produkt\/tuch-von-noosa-beige\/","title":{"rendered":"Tuch von NOOSA beige"},"content":{"rendered":"<h2>NOOSA Tuch<\/h2>\n<p>Dieses gro\u00dfe Tuch ist von NOOSA, Material: 100% Baumwolle<\/p>\n<p>mit Chunks werden die Kn\u00f6pfe versch\u00f6nert und zu Deinem pers\u00f6nlichen Tuch gestaltet<\/p>\n<p>Mit den Druckkn\u00f6pfen kann das Tuch nach Lust und Laune getragen und gestylt werden<\/p>\n<p>Farbe: creme &#8211; beige mit schwarzen Zeichnungen (siehe Bilder)<\/p>\n<p>&#8212; Wir haben noch wenige, seltene Chunks von NOOSA im Laden ! \ud83d\ude42<\/p>\n","protected":false},"excerpt":{"rendered":"<h2>NOOSA Tuch<\/h2>\n<p>Dieses gro\u00dfe Tuch ist von NOOSA, Material: 100% Baumwolle<\/p>\n<p>mit Chunks werden die Kn\u00f6pfe versch\u00f6nert und zu Deinem pers\u00f6nlichen Tuch gestaltet<\/p>\n<p>Mit den Druckkn\u00f6pfen kann das Tuch nach Lust und Laune getragen und gestylt werden<\/p>\n<p>Farbe: creme &#8211; beige mit schwarzen Zeichnungen (siehe Bilder)<\/p>\n<p>&#8212; Wir haben noch wenige, seltene Chunks von NOOSA im Laden ! \ud83d\ude42<\/p>\n","protected":false},"featured_media":566,"template":"","meta":{"_genesis_hide_title":false,"_genesis_hide_breadcrumbs":false,"_genesis_hide_singular_image":false,"_genesis_hide_footer_widgets":false,"_genesis_custom_body_class":"","_genesis_custom_post_class":"","_genesis_layout":""},"_links":{"self":[{"href":"https:\/\/unikat-seltenes.de\/index.php\/wp-json\/wp\/v2\/product\/565"}],"collection":[{"href":"https:\/\/unikat-seltenes.de\/index.php\/wp-json\/wp\/v2\/product"}],"about":[{"href":"https:\/\/unikat-seltenes.de\/index.php\/wp-json\/wp\/v2\/types\/product"}],"wp:featuredmedia":[{"embeddable":true,"href":"https:\/\/unikat-seltenes.de\/index.php\/wp-json\/wp\/v2\/media\/566"}],"wp:attachment":[{"href":"https:\/\/unikat-seltenes.de\/index.php\/wp-json\/wp\/v2\/media?parent=565"}],"curies":[{"name":"wp","href":"https:\/\/api.w.org\/{rel}","templated":true}]}}