{"id":518,"date":"2021-04-18T10:54:40","date_gmt":"2021-04-18T09:54:40","guid":{"rendered":"https:\/\/unikat-seltenes.de\/?post_type=product&#038;p=518"},"modified":"2023-02-24T22:00:25","modified_gmt":"2023-02-24T21:00:25","slug":"maileg-ginger-mum-gr-2","status":"publish","type":"product","link":"https:\/\/unikat-seltenes.de\/index.php\/produkt\/maileg-ginger-mum-gr-2\/","title":{"rendered":"Maileg Ginger Mum Gr. 2"},"content":{"rendered":"<h2>GINGER MUM, gr\u00f6\u00dfe\u00a0 2<\/h2>\n<p>von Maileg aus D\u00e4nemark, Serie &#8220;Ginger&#8221; haben wir hier die MAMA, in der Gr\u00f6\u00dfe 2<\/p>\n<p>&#8212; RESTPOSTEN, nur solange Vorrat reicht &#8212;<\/p>\n<ul>\n<li>Ab einem Einkaufswert von 200 Euro, k\u00f6nnen alle Produkte von Maileg bei uns in der Ausstellung in Mainhausen begutachtet werden<\/li>\n<\/ul>\n","protected":false},"excerpt":{"rendered":"<h2>GINGER MUM, gr\u00f6\u00dfe\u00a0 2<\/h2>\n<p>von Maileg aus D\u00e4nemark, Serie &#8220;Ginger&#8221; haben wir hier die MAMA, in der Gr\u00f6\u00dfe 2<\/p>\n<p>incl. der Kleidung (siehe Bild)<\/p>\n<p>&#8212; RESTPOSTEN, nur solange Vorrat reicht &#8212;<\/p>\n<ul>\n<li>Ab einem Einkaufswert von 200 Euro, k\u00f6nnen alle Produkte von Maileg bei uns in der Ausstellung in Mainhausen begutachtet werden<\/li>\n<\/ul>\n","protected":false},"featured_media":523,"template":"","meta":{"_genesis_hide_title":false,"_genesis_hide_breadcrumbs":false,"_genesis_hide_singular_image":false,"_genesis_hide_footer_widgets":false,"_genesis_custom_body_class":"","_genesis_custom_post_class":"","_genesis_layout":""},"_links":{"self":[{"href":"https:\/\/unikat-seltenes.de\/index.php\/wp-json\/wp\/v2\/product\/518"}],"collection":[{"href":"https:\/\/unikat-seltenes.de\/index.php\/wp-json\/wp\/v2\/product"}],"about":[{"href":"https:\/\/unikat-seltenes.de\/index.php\/wp-json\/wp\/v2\/types\/product"}],"wp:featuredmedia":[{"embeddable":true,"href":"https:\/\/unikat-seltenes.de\/index.php\/wp-json\/wp\/v2\/media\/523"}],"wp:attachment":[{"href":"https:\/\/unikat-seltenes.de\/index.php\/wp-json\/wp\/v2\/media?parent=518"}],"curies":[{"name":"wp","href":"https:\/\/api.w.org\/{rel}","templated":true}]}}