{"id":467,"date":"2021-04-16T10:44:46","date_gmt":"2021-04-16T09:44:46","guid":{"rendered":"https:\/\/unikat-seltenes.de\/?post_type=product&#038;p=467"},"modified":"2021-04-16T10:44:47","modified_gmt":"2021-04-16T09:44:47","slug":"sammelbehaelter-lene-bjerre","status":"publish","type":"product","link":"https:\/\/unikat-seltenes.de\/index.php\/produkt\/sammelbehaelter-lene-bjerre\/","title":{"rendered":"Sammelbeh\u00e4lter Lene Bjerre"},"content":{"rendered":"<h2>Sammelbeh\u00e4lter mit Deckel<\/h2>\n<p>Ein Sammelbeh\u00e4lter f\u00fcr die K\u00fcche, B\u00fcro, Bad oder Kinderzimmer<\/p>\n<p>Der Deckel hat innen einen Gummiring damit er fest sitzt<\/p>\n<p>Material: Metall, lackiert (Griff= Edelstahl)<\/p>\n<p>Farbe: Steingrau mit wei\u00dfem Druckbild<\/p>\n<p>LENE BJERRE<\/p>\n","protected":false},"excerpt":{"rendered":"<h2>Sammelbeh\u00e4lter mit Deckel<\/h2>\n<p>Ein Sammelbeh\u00e4lter f\u00fcr die K\u00fcche, B\u00fcro, Bad oder Kinderzimmer<\/p>\n<p>Der Deckel hat innen einen Gummiring damit er fest sitzt<\/p>\n<p>Material: Metall, lackiert (Griff= Edelstahl)<\/p>\n<p>Farbe: Steingrau mit wei\u00dfem Druckbild<\/p>\n<p>LENE BJERRE<\/p>\n","protected":false},"featured_media":468,"template":"","meta":{"_genesis_hide_title":false,"_genesis_hide_breadcrumbs":false,"_genesis_hide_singular_image":false,"_genesis_hide_footer_widgets":false,"_genesis_custom_body_class":"","_genesis_custom_post_class":"","_genesis_layout":""},"_links":{"self":[{"href":"https:\/\/unikat-seltenes.de\/index.php\/wp-json\/wp\/v2\/product\/467"}],"collection":[{"href":"https:\/\/unikat-seltenes.de\/index.php\/wp-json\/wp\/v2\/product"}],"about":[{"href":"https:\/\/unikat-seltenes.de\/index.php\/wp-json\/wp\/v2\/types\/product"}],"wp:featuredmedia":[{"embeddable":true,"href":"https:\/\/unikat-seltenes.de\/index.php\/wp-json\/wp\/v2\/media\/468"}],"wp:attachment":[{"href":"https:\/\/unikat-seltenes.de\/index.php\/wp-json\/wp\/v2\/media?parent=467"}],"curies":[{"name":"wp","href":"https:\/\/api.w.org\/{rel}","templated":true}]}}