{"id":463,"date":"2021-04-16T10:30:18","date_gmt":"2021-04-16T09:30:18","guid":{"rendered":"https:\/\/unikat-seltenes.de\/?post_type=product&#038;p=463"},"modified":"2021-04-16T10:30:18","modified_gmt":"2021-04-16T09:30:18","slug":"badezimmer-set-deluxe","status":"publish","type":"product","link":"https:\/\/unikat-seltenes.de\/index.php\/produkt\/badezimmer-set-deluxe\/","title":{"rendered":"Badezimmer Set DELUXE"},"content":{"rendered":"<h2>2-teiliges Badset Deluxe<\/h2>\n<p><em>Dieses super edle Set von LENE BJERRE spricht f\u00fcr sich<\/em><\/p>\n<p>Ein Seifenspender und ein Sammelbeh\u00e4lter f\u00fcr die Zahnb\u00fcrste, Kajal und Anderes<\/p>\n<p>Material: Porzellan und Edelstahl im Goldlook<\/p>\n<p>Farbe: creme &#8211; siehe Bilder &#8211;<\/p>\n","protected":false},"excerpt":{"rendered":"<h2>2-teiliges Badset Deluxe<\/h2>\n<p><em>Dieses super edle Set von LENE BJERRE spricht f\u00fcr sich<\/em><\/p>\n<p>Ein Seifenspender und ein Sammelbeh\u00e4lter f\u00fcr die Zahnb\u00fcrste, Kajal und Anderes<\/p>\n<p>Material: Porzellan und Edelstahl im Goldlook<\/p>\n<p>Farbe: creme &#8211; siehe Bilder &#8211;<\/p>\n","protected":false},"featured_media":464,"template":"","meta":{"_genesis_hide_title":false,"_genesis_hide_breadcrumbs":false,"_genesis_hide_singular_image":false,"_genesis_hide_footer_widgets":false,"_genesis_custom_body_class":"","_genesis_custom_post_class":"","_genesis_layout":""},"_links":{"self":[{"href":"https:\/\/unikat-seltenes.de\/index.php\/wp-json\/wp\/v2\/product\/463"}],"collection":[{"href":"https:\/\/unikat-seltenes.de\/index.php\/wp-json\/wp\/v2\/product"}],"about":[{"href":"https:\/\/unikat-seltenes.de\/index.php\/wp-json\/wp\/v2\/types\/product"}],"wp:featuredmedia":[{"embeddable":true,"href":"https:\/\/unikat-seltenes.de\/index.php\/wp-json\/wp\/v2\/media\/464"}],"wp:attachment":[{"href":"https:\/\/unikat-seltenes.de\/index.php\/wp-json\/wp\/v2\/media?parent=463"}],"curies":[{"name":"wp","href":"https:\/\/api.w.org\/{rel}","templated":true}]}}