{"id":408,"date":"2021-04-14T15:28:35","date_gmt":"2021-04-14T14:28:35","guid":{"rendered":"https:\/\/unikat-seltenes.de\/?post_type=product&#038;p=408"},"modified":"2023-10-04T08:14:28","modified_gmt":"2023-10-04T06:14:28","slug":"mini-pueppi-braun","status":"publish","type":"product","link":"https:\/\/unikat-seltenes.de\/index.php\/produkt\/mini-pueppi-braun\/","title":{"rendered":"MINI-P\u00fcppi BRAUN"},"content":{"rendered":"<h2>MINI-P\u00dcPPI in BRAUN<\/h2>\n<p>diese s\u00fc\u00dfe kleine Puppe, mit schwarzer Kopfbedeckung, ist ein sch\u00f6nes Mitbringsel und passt in jede Kindertasche oder Rucksack<\/p>\n<p>Material: Stoff, ohne Kleinteile<\/p>\n<p>LILLIPUTIENS<a class=\"wp-first-item current\" href=\"https:\/\/unikat-seltenes.de\/wp-admin\/edit.php?post_type=product\">Alle Produkte<\/a><\/p>\n","protected":false},"excerpt":{"rendered":"<h2>MINI-P\u00dcPPI in BRAUN<\/h2>\n<p>diese s\u00fc\u00dfe kleine Puppe, mit schwarzer Kopfbedeckung, ist ein sch\u00f6nes Mitbringsel und passt in jede Kindertasche oder Rucksack<\/p>\n<p>Material: Stoff, ohne Kleinteile<\/p>\n<p>LILLIPUTIENS<\/p>\n","protected":false},"featured_media":409,"template":"","meta":{"_genesis_hide_title":false,"_genesis_hide_breadcrumbs":false,"_genesis_hide_singular_image":false,"_genesis_hide_footer_widgets":false,"_genesis_custom_body_class":"","_genesis_custom_post_class":"","_genesis_layout":""},"_links":{"self":[{"href":"https:\/\/unikat-seltenes.de\/index.php\/wp-json\/wp\/v2\/product\/408"}],"collection":[{"href":"https:\/\/unikat-seltenes.de\/index.php\/wp-json\/wp\/v2\/product"}],"about":[{"href":"https:\/\/unikat-seltenes.de\/index.php\/wp-json\/wp\/v2\/types\/product"}],"wp:featuredmedia":[{"embeddable":true,"href":"https:\/\/unikat-seltenes.de\/index.php\/wp-json\/wp\/v2\/media\/409"}],"wp:attachment":[{"href":"https:\/\/unikat-seltenes.de\/index.php\/wp-json\/wp\/v2\/media?parent=408"}],"curies":[{"name":"wp","href":"https:\/\/api.w.org\/{rel}","templated":true}]}}