{"id":377,"date":"2021-04-14T13:28:45","date_gmt":"2021-04-14T12:28:45","guid":{"rendered":"https:\/\/unikat-seltenes.de\/?post_type=product&#038;p=377"},"modified":"2021-06-07T11:31:25","modified_gmt":"2021-06-07T10:31:25","slug":"jacke-mantel-kleid-10days","status":"publish","type":"product","link":"https:\/\/unikat-seltenes.de\/index.php\/produkt\/jacke-mantel-kleid-10days\/","title":{"rendered":"Jacke\/Mantel\/Kleid 10Days  SONDERPOSTEN"},"content":{"rendered":"<h2>lange Jacke 10Days<\/h2>\n<p>Diese Kapuzen-Jacke kann als Mantel oder auch als Kleid getragen werden<\/p>\n<p>Zwei Bauchtaschen und der Rei\u00dfverschluss tragen zum Charakter bei<\/p>\n<p>10Days = einfach cool<\/p>\n<p>Farbe: Steingrau<\/p>\n<p>Gr\u00f6\u00dfe: 2 (38-40)\u00a0 ist eng geschnitten, f\u00e4llt klein aus<\/p>\n<ul>\n<li>andere Gr\u00f6\u00dfen auf Anfrage m\u00f6glich (bitte kontaktieren Sie uns)<\/li>\n<\/ul>\n<p>Material: 95% Baumwolle + 5% Elastan<\/p>\n<p>&nbsp;<\/p>\n","protected":false},"excerpt":{"rendered":"<h2>lange Jacke 10Days<\/h2>\n<p>Diese Kapuzen-Jacke kann als Mantel oder auch als Kleid getragen werden<\/p>\n<p>Zwei Bauchtaschen und der Rei\u00dfverschluss tragen zum Charakter bei<\/p>\n<p>10Days = einfach cool<\/p>\n<p>Farbe: Steingrau<\/p>\n<p>Gr\u00f6\u00dfe: 2 (38-40)\u00a0 ist eng geschnitten, f\u00e4llt klein aus<\/p>\n<ul>\n<li>andere Gr\u00f6\u00dfen auf Anfrage m\u00f6glich (bitte kontaktieren Sie uns)<\/li>\n<\/ul>\n<p>Material: 95% Baumwolle + 5% Elastan<\/p>\n","protected":false},"featured_media":374,"template":"","meta":{"_genesis_hide_title":false,"_genesis_hide_breadcrumbs":false,"_genesis_hide_singular_image":false,"_genesis_hide_footer_widgets":false,"_genesis_custom_body_class":"","_genesis_custom_post_class":"","_genesis_layout":""},"_links":{"self":[{"href":"https:\/\/unikat-seltenes.de\/index.php\/wp-json\/wp\/v2\/product\/377"}],"collection":[{"href":"https:\/\/unikat-seltenes.de\/index.php\/wp-json\/wp\/v2\/product"}],"about":[{"href":"https:\/\/unikat-seltenes.de\/index.php\/wp-json\/wp\/v2\/types\/product"}],"wp:featuredmedia":[{"embeddable":true,"href":"https:\/\/unikat-seltenes.de\/index.php\/wp-json\/wp\/v2\/media\/374"}],"wp:attachment":[{"href":"https:\/\/unikat-seltenes.de\/index.php\/wp-json\/wp\/v2\/media?parent=377"}],"curies":[{"name":"wp","href":"https:\/\/api.w.org\/{rel}","templated":true}]}}