{"id":62,"date":"2021-03-12T15:26:14","date_gmt":"2021-03-12T15:26:14","guid":{"rendered":"https:\/\/dev86523.gwce.de\/?page_id=62"},"modified":"2022-03-31T16:15:37","modified_gmt":"2022-03-31T14:15:37","slug":"laden","status":"publish","type":"page","link":"https:\/\/unikat-seltenes.de\/index.php\/laden\/","title":{"rendered":"Laden"},"content":{"rendered":"<p>&nbsp;<\/p>\n<p><img loading=\"lazy\" class=\"alignleft wp-image-74\" src=\"https:\/\/unikat-seltenes.de\/wp-content\/uploads\/2021\/03\/001-verkauf-1024x683.jpg\" alt=\"\" width=\"437\" height=\"291\" srcset=\"https:\/\/unikat-seltenes.de\/wp-content\/uploads\/2021\/03\/001-verkauf-1024x683.jpg 1024w, https:\/\/unikat-seltenes.de\/wp-content\/uploads\/2021\/03\/001-verkauf-300x200.jpg 300w, https:\/\/unikat-seltenes.de\/wp-content\/uploads\/2021\/03\/001-verkauf-768x512.jpg 768w, https:\/\/unikat-seltenes.de\/wp-content\/uploads\/2021\/03\/001-verkauf-1536x1024.jpg 1536w, https:\/\/unikat-seltenes.de\/wp-content\/uploads\/2021\/03\/001-verkauf-2048x1366.jpg 2048w, https:\/\/unikat-seltenes.de\/wp-content\/uploads\/2021\/03\/001-verkauf-600x400.jpg 600w\" sizes=\"(max-width: 437px) 100vw, 437px\" \/><\/p>\n<p>Unseren Laden finden Sie in der Seligenst\u00e4dter Innenstadt direkt am Marktplatz mit Parkm\u00f6glichkeiten in der N\u00e4he. Hier pr\u00e4sentieren wir Ihnen viele Besonderheiten und Kleinigkeiten vom Kinderspielzeug aus Holz, \u00fcber romantisch verspielte Kleidung bis hin zu Esoterikprodukten, alles Seltene und Besondere.<\/p>\n<p>Unsere \u00d6ffnungszeiten sind:<\/p>\n<p>Aktuell nur nach Terminvereinbarung m\u00f6glich.<\/p>\n<p>&nbsp;<\/p>\n<p>&nbsp;<\/p>\n<p>&nbsp;<\/p>\n<p>&nbsp;<\/p>\n<h2 style=\"text-align: center\">Anfahrt<\/h2>\n<p>Die Adresse unseres Ladengesch\u00e4ftes ist Aschaffenburger Stra\u00dfe 5, 63500 Seligenstadt. Sie k\u00f6nnen den Beschilderungen Parkplatz Friedhof oder Parkplatz Feuerwehr folgen und anschlie\u00dfend ca. 5-10 Minuten Gehweg in die Innenstadt Richtung Marktplatz folgen.<\/p>\n<div id=\"wpgmza_map\" class=\"wpgmza_map\" data-settings='{\"id\":\"1\",\"map_title\":\"New Map\",\"map_width\":\"100\",\"map_height\":\"400\",\"map_start_lat\":\"50.04363948020404\",\"map_start_lng\":\"8.975903372491455\",\"map_start_location\":\"45.950464398418106,-109.81550500000003\",\"map_start_zoom\":\"16\",\"default_marker\":\"\",\"type\":\"1\",\"alignment\":\"4\",\"directions_enabled\":\"0\",\"styling_enabled\":\"0\",\"styling_json\":\"\",\"active\":\"0\",\"kml\":\"\",\"bicycle\":\"0\",\"traffic\":\"0\",\"dbox\":\"0\",\"dbox_width\":\"\",\"listmarkers\":\"0\",\"listmarkers_advanced\":\"0\",\"filterbycat\":\"0\",\"ugm_enabled\":\"0\",\"ugm_category_enabled\":\"0\",\"fusion\":\"\",\"map_width_type\":\"%\",\"map_height_type\":\"px\",\"mass_marker_support\":\"0\",\"ugm_access\":\"0\",\"order_markers_by\":\"0\",\"order_markers_choice\":\"0\",\"show_user_location\":\"0\",\"default_to\":\"\",\"other_settings\":{\"map_type\":1,\"sl_stroke_color\":\"\",\"sl_fill_color\":\"\",\"sl_stroke_opacity\":\"\",\"sl_fill_opacity\":\"\",\"transport_layer\":false,\"action\":\"wpgmza_save_map\",\"redirect_to\":\"\\\/wp-admin\\\/admin-post.php\",\"map_id\":\"1\",\"http_referer\":\"\\\/wp-admin\\\/admin.php?page=wp-google-maps-menu&amp;action=edit&amp;map_id=1\",\"wpgmza_id\":\"1\",\"wpgmza_start_location\":\"50.04363948020404,8.975903372491455\",\"wpgmza_start_zoom\":\"16\",\"store_locator_enabled\":false,\"store_locator_search_area\":\"radial\",\"wpgmza_store_locator_radius_style\":\"legacy\",\"wpgmza_store_locator_default_radius\":\"10\",\"store_locator_auto_area_max_zoom\":\"\",\"store_locator_distance\":false,\"wpgmza_store_locator_position\":false,\"store_locator_show_distance\":false,\"store_locator_category\":false,\"wpgmza_store_locator_use_their_location\":false,\"wpgmza_store_locator_bounce\":false,\"wpgmza_sl_animation\":null,\"wpgmza_store_locator_hide_before_search\":false,\"store_locator_query_string\":\"\",\"store_locator_default_address\":\"\",\"store_locator_name_search\":false,\"store_locator_name_string\":\"\",\"store_locator_not_found_message\":\"\",\"wpgmza_map_align\":\"1\",\"jump_to_nearest_marker_on_initialization\":false,\"automatically_pan_to_users_location\":false,\"override_users_location_zoom_level\":false,\"override_users_location_zoom_levels\":\"\",\"show_distance_from_location\":false,\"map_max_zoom\":\"21\",\"map_min_zoom\":\"0\",\"click_open_link\":false,\"fit_maps_bounds_to_markers\":false,\"fit_maps_bounds_to_markers_after_filtering\":false,\"hide_point_of_interest\":false,\"wpgmza_zoom_on_marker_click\":false,\"wpgmza_zoom_on_marker_click_slider\":\"\",\"close_infowindow_on_map_click\":false,\"disable_lightbox_images\":false,\"use_Raw_Jpeg_Coordinates\":false,\"polygon_labels\":false,\"disable_polygon_info_windows\":false,\"enable_marker_ratings\":false,\"only_load_markers_within_viewport\":false,\"iw_primary_color\":\"\",\"iw_accent_color\":\"\",\"iw_text_color\":\"\",\"wpgmza_listmarkers_by\":\"0\",\"wpgmza_marker_listing_position\":false,\"datatable_no_result_message\":\"\",\"remove_search_box_datables\":false,\"dataTable_pagination_style\":null,\"datatable_search_string\":\"\",\"datatable_result_start\":\"\",\"datatable_result_of\":\"\",\"datatable_result_to\":\"\",\"datatable_result_total\":\"\",\"datatable_result_show\":\"\",\"datatable_result_entries\":\"\",\"wpgmza_savemap\":\"Karte speichern \\u00bb\",\"wpgmza_theme\":\"7\",\"wpgmza_theme_data\":\"[{\\\"featureType\\\":\\\"administrative.locality\\\",\\\"elementType\\\":\\\"all\\\",\\\"stylers\\\":[{\\\"hue\\\":\\\"#2c2e33\\\"},{\\\"saturation\\\":7},{\\\"lightness\\\":19},{\\\"visibility\\\":\\\"on\\\"}]},{\\\"featureType\\\":\\\"landscape\\\",\\\"elementType\\\":\\\"all\\\",\\\"stylers\\\":[{\\\"hue\\\":\\\"#ffffff\\\"},{\\\"saturation\\\":-100},{\\\"lightness\\\":100},{\\\"visibility\\\":\\\"simplified\\\"}]},{\\\"featureType\\\":\\\"poi\\\",\\\"elementType\\\":\\\"all\\\",\\\"stylers\\\":[{\\\"hue\\\":\\\"#ffffff\\\"},{\\\"saturation\\\":-100},{\\\"lightness\\\":100},{\\\"visibility\\\":\\\"off\\\"}]},{\\\"featureType\\\":\\\"road\\\",\\\"elementType\\\":\\\"geometry\\\",\\\"stylers\\\":[{\\\"hue\\\":\\\"#bbc0c4\\\"},{\\\"saturation\\\":-93},{\\\"lightness\\\":31},{\\\"visibility\\\":\\\"simplified\\\"}]},{\\\"featureType\\\":\\\"road\\\",\\\"elementType\\\":\\\"labels\\\",\\\"stylers\\\":[{\\\"hue\\\":\\\"#bbc0c4\\\"},{\\\"saturation\\\":-93},{\\\"lightness\\\":31},{\\\"visibility\\\":\\\"on\\\"}]},{\\\"featureType\\\":\\\"road.arterial\\\",\\\"elementType\\\":\\\"labels\\\",\\\"stylers\\\":[{\\\"hue\\\":\\\"#bbc0c4\\\"},{\\\"saturation\\\":-93},{\\\"lightness\\\":-2},{\\\"visibility\\\":\\\"simplified\\\"}]},{\\\"featureType\\\":\\\"road.local\\\",\\\"elementType\\\":\\\"geometry\\\",\\\"stylers\\\":[{\\\"hue\\\":\\\"#e9ebed\\\"},{\\\"saturation\\\":-90},{\\\"lightness\\\":-8},{\\\"visibility\\\":\\\"simplified\\\"}]},{\\\"featureType\\\":\\\"transit\\\",\\\"elementType\\\":\\\"all\\\",\\\"stylers\\\":[{\\\"hue\\\":\\\"#e9ebed\\\"},{\\\"saturation\\\":10},{\\\"lightness\\\":69},{\\\"visibility\\\":\\\"on\\\"}]},{\\\"featureType\\\":\\\"water\\\",\\\"elementType\\\":\\\"all\\\",\\\"stylers\\\":[{\\\"hue\\\":\\\"#e9ebed\\\"},{\\\"saturation\\\":-78},{\\\"lightness\\\":67},{\\\"visibility\\\":\\\"simplified\\\"}]}]\",\"wpgmza_push_in_map\":false,\"wpgmza_push_in_map_placement\":null,\"wpgmza_push_in_map_width\":\"\",\"wpgmza_push_in_map_height\":\"\"}}' data-map-id='1' Data-maps-engine='google-maps' data-shortcode-attributes='{\"id\":\"1\"}' style=\"display:block; overflow:auto; width:100%; height:400px; float:left;\"><\/div>\n","protected":false},"excerpt":{"rendered":"<p>&nbsp; Unseren Laden finden Sie in der Seligenst\u00e4dter Innenstadt direkt am Marktplatz mit Parkm\u00f6glichkeiten in der N\u00e4he. Hier pr\u00e4sentieren wir Ihnen viele Besonderheiten und Kleinigkeiten vom Kinderspielzeug aus Holz, \u00fcber romantisch verspielte Kleidung bis hin zu Esoterikprodukten, alles Seltene und Besondere. Unsere \u00d6ffnungszeiten sind: Aktuell nur nach Terminvereinbarung m\u00f6glich. &nbsp; &nbsp; &nbsp; &nbsp; Anfahrt Die &#8230; <a href=\"https:\/\/unikat-seltenes.de\/index.php\/laden\/\" class=\"more-link\">Read More <span class=\"screen-reader-text\">about  Laden<\/span><\/a><\/p>\n","protected":false},"author":1,"featured_media":1052,"parent":0,"menu_order":0,"comment_status":"closed","ping_status":"closed","template":"","meta":{"_genesis_hide_title":false,"_genesis_hide_breadcrumbs":false,"_genesis_hide_singular_image":false,"_genesis_hide_footer_widgets":false,"_genesis_custom_body_class":"","_genesis_custom_post_class":"","_genesis_layout":""},"featured_image_src":"https:\/\/unikat-seltenes.de\/wp-content\/uploads\/2022\/03\/ines-im-Laden-31.3.22-600x400.jpg","featured_image_src_square":"https:\/\/unikat-seltenes.de\/wp-content\/uploads\/2022\/03\/ines-im-Laden-31.3.22-600x600.jpg","_links":{"self":[{"href":"https:\/\/unikat-seltenes.de\/index.php\/wp-json\/wp\/v2\/pages\/62"}],"collection":[{"href":"https:\/\/unikat-seltenes.de\/index.php\/wp-json\/wp\/v2\/pages"}],"about":[{"href":"https:\/\/unikat-seltenes.de\/index.php\/wp-json\/wp\/v2\/types\/page"}],"author":[{"embeddable":true,"href":"https:\/\/unikat-seltenes.de\/index.php\/wp-json\/wp\/v2\/users\/1"}],"replies":[{"embeddable":true,"href":"https:\/\/unikat-seltenes.de\/index.php\/wp-json\/wp\/v2\/comments?post=62"}],"version-history":[{"count":14,"href":"https:\/\/unikat-seltenes.de\/index.php\/wp-json\/wp\/v2\/pages\/62\/revisions"}],"predecessor-version":[{"id":1053,"href":"https:\/\/unikat-seltenes.de\/index.php\/wp-json\/wp\/v2\/pages\/62\/revisions\/1053"}],"wp:featuredmedia":[{"embeddable":true,"href":"https:\/\/unikat-seltenes.de\/index.php\/wp-json\/wp\/v2\/media\/1052"}],"wp:attachment":[{"href":"https:\/\/unikat-seltenes.de\/index.php\/wp-json\/wp\/v2\/media?parent=62"}],"curies":[{"name":"wp","href":"https:\/\/api.w.org\/{rel}","templated":true}]}}