{"id":35,"date":"2021-03-12T14:37:13","date_gmt":"2021-03-12T14:37:13","guid":{"rendered":"https:\/\/dev86523.gwce.de\/index.php\/impressum\/"},"modified":"2021-04-12T15:57:14","modified_gmt":"2021-04-12T14:57:14","slug":"impressum","status":"publish","type":"page","link":"https:\/\/unikat-seltenes.de\/index.php\/impressum\/","title":{"rendered":"Impressum"},"content":{"rendered":"<p>Betreiber dieser Webseite, Vertragspartner jeglicher Dienstleistungen und Angebote sowie Angaben gem\u00e4\u00df \u00a7 5 TMG (Telemediengesetz):<\/p>\n<div class=\"su-row\"><div class=\"su-column su-column-size-1-2\"><div class=\"su-column-inner su-u-clearfix su-u-trim\">\n<h2>Anschrift:<\/h2>\n<p><span class=\"tsmcontroller\"><strong>UNIKAT + seltenes<br \/>\n<\/strong>Inh. Ines Schreiner<br \/>\nFalkenauer Stra\u00dfe 5 a<br \/>\n63533 Mainhausen<\/span><\/p>\n<p><strong>Mail<\/strong>: info@unikat-seltenes.de<br \/>\n<strong>Telefon<\/strong>: 06182-640123<\/p>\n<p>Ladenanschrift: Aschaffenburger Stra\u00dfe 5, 63500 Seligenstadt<\/p>\n<p><strong>Marken und Warenzeichen<\/strong><\/p>\n<p>Sofern nicht anders angegeben, sind alle auf diesen Internetseiten genannten oder abgebildeten Warenzeichen, Marken und Handelsmarken sowie alle Logos und Markenzeichen gesetzlich gesch\u00fctzt und unterliegen uneingeschr\u00e4nkt den Bestimmungen des jeweils g\u00fcltigen Kennzeichenrechts und den Besitzrechten der jeweiligen eingetragenen Eigent\u00fcmer. Allein aufgrund der blo\u00dfen Nennung oder Abbildung ist nicht der Schlu\u00df zu ziehen, dass Markenzeichen nicht durch Rechte Dritter gesch\u00fctzt sind<\/p>\n<p><strong>Bildernachweis<\/strong>:<br \/>\nStartseite: Eigene Bilder<br \/>\nHintergrund: Lizenzfrei<\/p>\n<\/div><\/div> <div class=\"su-column su-column-size-1-2\"><div class=\"su-column-inner su-u-clearfix su-u-trim\">\n<p><strong>Rechtsform:\u00a0<\/strong>Einzelunternehmen<br \/>\n<strong>Umsatzsteuer ID<\/strong>: <span lang=\"FR\">DE 264 088 471<\/span><\/p>\n<p><strong>Gerichtsstand:<\/strong> Seligenstadt<\/p>\n<p><strong>Umsetzung und technische Betreuung:<\/strong><br \/>\nGEISSLINGER Web Creative Engineering<br \/>\nWebdesign Manufaktur aus Seligenstadt<br \/>\n<a href=\"https:\/\/gwce.de\/\" target=\"_blank\" rel=\"noopener noreferrer\">www.gwce.de<\/a><\/p>\n<\/div><\/div><\/div>\n<p>&nbsp;<\/p>\n<div class=\"woocommerce woocommerce-gzd woocommerce-gzd-complaints-shortcode\">\n    <h3>Alternative Streitbeilegung gem\u00e4\u00df Art. 14 Abs. 1 ODR-VO und \u00a7 36 VSBG:<\/h3>\n\n<p>Die Europ\u00e4ische Kommission stellt eine Plattform zur Online-Streitbeilegung (OS) bereit, die Sie unter <a href=\"https:\/\/ec.europa.eu\/consumers\/odr\" target=\"_blank\">https:\/\/ec.europa.eu\/consumers\/odr<\/a> finden. Zur Teilnahme an einem Streitbeilegungsverfahren vor einer Verbraucherschlichtungsstelle sind wir nicht verpflichtet und nicht bereit.<\/p>\n<\/div>\n","protected":false},"excerpt":{"rendered":"<p>Betreiber dieser Webseite, Vertragspartner jeglicher Dienstleistungen und Angebote sowie Angaben gem\u00e4\u00df \u00a7 5 TMG (Telemediengesetz): &nbsp;<\/p>\n","protected":false},"author":1,"featured_media":0,"parent":0,"menu_order":0,"comment_status":"closed","ping_status":"closed","template":"","meta":{"_genesis_hide_title":false,"_genesis_hide_breadcrumbs":false,"_genesis_hide_singular_image":false,"_genesis_hide_footer_widgets":false,"_genesis_custom_body_class":"","_genesis_custom_post_class":"","_genesis_layout":""},"featured_image_src":null,"featured_image_src_square":null,"_links":{"self":[{"href":"https:\/\/unikat-seltenes.de\/index.php\/wp-json\/wp\/v2\/pages\/35"}],"collection":[{"href":"https:\/\/unikat-seltenes.de\/index.php\/wp-json\/wp\/v2\/pages"}],"about":[{"href":"https:\/\/unikat-seltenes.de\/index.php\/wp-json\/wp\/v2\/types\/page"}],"author":[{"embeddable":true,"href":"https:\/\/unikat-seltenes.de\/index.php\/wp-json\/wp\/v2\/users\/1"}],"replies":[{"embeddable":true,"href":"https:\/\/unikat-seltenes.de\/index.php\/wp-json\/wp\/v2\/comments?post=35"}],"version-history":[{"count":5,"href":"https:\/\/unikat-seltenes.de\/index.php\/wp-json\/wp\/v2\/pages\/35\/revisions"}],"predecessor-version":[{"id":339,"href":"https:\/\/unikat-seltenes.de\/index.php\/wp-json\/wp\/v2\/pages\/35\/revisions\/339"}],"wp:attachment":[{"href":"https:\/\/unikat-seltenes.de\/index.php\/wp-json\/wp\/v2\/media?parent=35"}],"curies":[{"name":"wp","href":"https:\/\/api.w.org\/{rel}","templated":true}]}}